{"id":21,"date":"2023-11-29T12:26:57","date_gmt":"2023-11-29T12:26:57","guid":{"rendered":"https:\/\/cbmcgroup.dk\/?page_id=21"},"modified":"2023-12-07T19:55:23","modified_gmt":"2023-12-07T19:55:23","slug":"hvem-er-vi","status":"publish","type":"page","link":"https:\/\/cbmcgroup.dk\/index.php\/hvem-er-vi\/","title":{"rendered":"Hvem er vi?"},"content":{"rendered":"\n<p>CBMC Group er en lille r\u00e5dgivende ingeni\u00f8rvirksomhed med stor viden og erfaring inden for vand, milj\u00f8 og specielt klimatilpasning. Vi skiller os ud ved at udvikle og anvende vores egen unikke teknologi og egne tilgange til dynamisk modellering af oversv\u00f8mmelser og til risikokortl\u00e6gning.<\/p>\n\n\n\n<figure class=\"wp-block-image size-large\"><img loading=\"lazy\" decoding=\"async\" width=\"1024\" height=\"363\" src=\"https:\/\/cbmcgroup.dk\/wp-content\/uploads\/2023\/11\/AdobeStock_77691274-small-1024x363.jpg\" alt=\"\" class=\"wp-image-30\" srcset=\"https:\/\/cbmcgroup.dk\/wp-content\/uploads\/2023\/11\/AdobeStock_77691274-small-1024x363.jpg 1024w, https:\/\/cbmcgroup.dk\/wp-content\/uploads\/2023\/11\/AdobeStock_77691274-small-300x106.jpg 300w, https:\/\/cbmcgroup.dk\/wp-content\/uploads\/2023\/11\/AdobeStock_77691274-small-768x272.jpg 768w, https:\/\/cbmcgroup.dk\/wp-content\/uploads\/2023\/11\/AdobeStock_77691274-small-1536x545.jpg 1536w, https:\/\/cbmcgroup.dk\/wp-content\/uploads\/2023\/11\/AdobeStock_77691274-small.jpg 1920w\" sizes=\"auto, (max-width: 1024px) 100vw, 1024px\" \/><\/figure>\n\n\n\n<p><br>Vores effektive metode til integreret modellering af oversv\u00f8mmelser p\u00e5 overfladen med str\u00f8mninger i afl\u00f8bssystemet gi\u2019r os mulighed for hurtigt og effektivt at gennemf\u00f8re beregninger af de samfunds\u00f8konomiske effekter af investeringer i klimatilpasning.<\/p>\n\n\n\n<p>Den unikke kombination af teknologi og metode gi\u2019r ogs\u00e5 helt nye muligheder for at evaluere effektiviteten af sp\u00e6ndende nye l\u00f8sninger til f.eks. vandparkering, genopretning af v\u00e5domr\u00e5der, flerlags sikkerhed mod oversv\u00f8mmelser fra hav, \u00e5 eller skybrud og andre innovative id\u00e9er til samspil mellem klimatilpasning og varetagelse af hensyn til naturen.<\/p>\n\n\n\n<p>I vores tid som selvst\u00e6ndige r\u00e5dgivere har vi gennemf\u00f8rt en r\u00e6kke projekter i samarbejde med kommuner og forsyningsselskaber i alle dele af landet med fokus p\u00e5 risikokortl\u00e6gning, klimatilpasningsplanl\u00e6gning og oversv\u00f8mmelsesberegninger.<\/p>\n\n\n\n<p>Vores lave omkostninger, store praktiske erfaring, innovative tilgang og vores netv\u00e6rk af dygtige partnere g\u00f8r os til et oplagt alternativ til hyldevarer hos de store i branchen. Kontakt os gerne, hvis I kunne t\u00e6nke jer en uforpligtende snak om jeres udfordringer og id\u00e9er.<\/p>\n\n\n\n<div class=\"wp-block-columns is-layout-flex wp-container-core-columns-is-layout-9d6595d7 wp-block-columns-is-layout-flex\">\n<div class=\"wp-block-column is-layout-flow wp-block-column-is-layout-flow\">\n<figure class=\"wp-block-image size-full is-resized\"><img loading=\"lazy\" decoding=\"async\" width=\"513\" height=\"588\" src=\"https:\/\/cbmcgroup.dk\/wp-content\/uploads\/2023\/11\/EBR_Photo.jpg\" alt=\"\" class=\"wp-image-55\" style=\"width:412px;height:auto\" srcset=\"https:\/\/cbmcgroup.dk\/wp-content\/uploads\/2023\/11\/EBR_Photo.jpg 513w, https:\/\/cbmcgroup.dk\/wp-content\/uploads\/2023\/11\/EBR_Photo-262x300.jpg 262w\" sizes=\"auto, (max-width: 513px) 100vw, 513px\" \/><\/figure>\n<\/div>\n\n\n\n<div class=\"wp-block-column is-layout-flow wp-block-column-is-layout-flow\">\n<figure class=\"wp-block-image size-full is-resized\"><img loading=\"lazy\" decoding=\"async\" width=\"513\" height=\"588\" src=\"https:\/\/cbmcgroup.dk\/wp-content\/uploads\/2023\/11\/JBN_Photo.jpg\" alt=\"\" class=\"wp-image-54\" style=\"width:411px;height:auto\" srcset=\"https:\/\/cbmcgroup.dk\/wp-content\/uploads\/2023\/11\/JBN_Photo.jpg 513w, https:\/\/cbmcgroup.dk\/wp-content\/uploads\/2023\/11\/JBN_Photo-262x300.jpg 262w\" sizes=\"auto, (max-width: 513px) 100vw, 513px\" \/><\/figure>\n<\/div>\n<\/div>\n\n\n\n<div class=\"wp-block-columns is-layout-flex wp-container-core-columns-is-layout-9d6595d7 wp-block-columns-is-layout-flex\">\n<div class=\"wp-block-column is-layout-flow wp-block-column-is-layout-flow\">\n<p>Erland B. Rasmussen, <a href=\"mailto:ebr@cbmcgroup.com\">ebr@cbmcgroup.com<\/a>, har mere end 30 \u00e5rs indg\u00e5ende erfaring med projektledelse, software udvikling og digital transformation i vandsektoren. Han har besk\u00e6ftiget sig med alle aspekter af vand og milj\u00f8, herunder analyser, planl\u00e6gning og operationelle vinkler inden for klimatilpasning, oversv\u00f8mmelser i byer og fra kyster, vandressourcer, milj\u00f8vurderinger s\u00e5vel som kystzone planl\u00e6gning. Han var en hoveddrivkraft  bag udviklingen og udbredelsen af MIKE-produkterne indtil 2017. Stiftende partner i CBMC Group i 2019.<\/p>\n<\/div>\n\n\n\n<div class=\"wp-block-column is-layout-flow wp-block-column-is-layout-flow\">\n<p>J\u00f8rgen Bo Nielsen, <a href=\"mailto:jbn@cbmcgroup.com\">jbn@cbmcgroup.com<\/a>, har mere end 35 \u00e5rs erfaring fra vandsektoren. Han har v\u00e6ret ansvarlig for praktiske projekter s\u00e5vel som software udviklingsprojekter med fokus p\u00e5 vand, milj\u00f8 og klima i Danmark s\u00e5vel som internationalt. Projekterfaringen inkluderer vand i byer, vandressourcer og grundvand s\u00e5vel som vand p\u00e5 kyster og i havet. Han var en hoveddrivkraft bag udviklingen og udbredelsen af MIKE-produkterne indtil 2017. Stiftende partner i CBMC Group i 2019.<\/p>\n<\/div>\n<\/div>\n","protected":false},"excerpt":{"rendered":"<p>CBMC Group er en lille r\u00e5dgivende ingeni\u00f8rvirksomhed med stor viden og erfaring inden for vand, milj\u00f8 og specielt klimatilpasning. Vi skiller os ud ved at udvikle og anvende vores egen unikke teknologi og egne tilgange til dynamisk modellering af oversv\u00f8mmelser og til risikokortl\u00e6gning. Vores effektive metode til integreret modellering af oversv\u00f8mmelser p\u00e5 overfladen med str\u00f8mninger&hellip;&nbsp;<\/p>\n","protected":false},"author":1,"featured_media":0,"parent":0,"menu_order":0,"comment_status":"closed","ping_status":"closed","template":"","meta":{"neve_meta_sidebar":"","neve_meta_container":"","neve_meta_enable_content_width":"on","neve_meta_content_width":70,"neve_meta_title_alignment":"","neve_meta_author_avatar":"","neve_post_elements_order":"","neve_meta_disable_header":"","neve_meta_disable_footer":"","neve_meta_disable_title":"","footnotes":""},"class_list":["post-21","page","type-page","status-publish","hentry"],"_links":{"self":[{"href":"https:\/\/cbmcgroup.dk\/index.php\/wp-json\/wp\/v2\/pages\/21","targetHints":{"allow":["GET"]}}],"collection":[{"href":"https:\/\/cbmcgroup.dk\/index.php\/wp-json\/wp\/v2\/pages"}],"about":[{"href":"https:\/\/cbmcgroup.dk\/index.php\/wp-json\/wp\/v2\/types\/page"}],"author":[{"embeddable":true,"href":"https:\/\/cbmcgroup.dk\/index.php\/wp-json\/wp\/v2\/users\/1"}],"replies":[{"embeddable":true,"href":"https:\/\/cbmcgroup.dk\/index.php\/wp-json\/wp\/v2\/comments?post=21"}],"version-history":[{"count":10,"href":"https:\/\/cbmcgroup.dk\/index.php\/wp-json\/wp\/v2\/pages\/21\/revisions"}],"predecessor-version":[{"id":225,"href":"https:\/\/cbmcgroup.dk\/index.php\/wp-json\/wp\/v2\/pages\/21\/revisions\/225"}],"wp:attachment":[{"href":"https:\/\/cbmcgroup.dk\/index.php\/wp-json\/wp\/v2\/media?parent=21"}],"curies":[{"name":"wp","href":"https:\/\/api.w.org\/{rel}","templated":true}]}}