{"id":17,"date":"2023-11-29T12:27:13","date_gmt":"2023-11-29T12:27:13","guid":{"rendered":"https:\/\/cbmcgroup.dk\/?page_id=17"},"modified":"2024-04-19T07:37:02","modified_gmt":"2024-04-19T07:37:02","slug":"vores-projekter","status":"publish","type":"page","link":"https:\/\/cbmcgroup.dk\/index.php\/vores-projekter\/","title":{"rendered":"Vores projekter"},"content":{"rendered":"\n<p>Herunder findes et udvalg af de projekter, vi har gennemf\u00f8rt i samarbejde med danske kommuner og forsyninger.<br><br><\/p>\n\n\n\n<h3 class=\"wp-block-heading\">Beregning af oversv\u00f8mmelser og l\u00f8sningstiltag for N\u00f8rre Vissing og Stj\u00e6r<\/h3>\n\n\n\n<div class=\"wp-block-columns is-layout-flex wp-container-core-columns-is-layout-9d6595d7 wp-block-columns-is-layout-flex\">\n<div class=\"wp-block-column is-layout-flow wp-block-column-is-layout-flow\">\n<figure class=\"wp-block-image size-large\"><img loading=\"lazy\" decoding=\"async\" width=\"1024\" height=\"603\" src=\"https:\/\/cbmcgroup.dk\/wp-content\/uploads\/2024\/04\/NrV_Stjaer-1024x603.jpg\" alt=\"\" class=\"wp-image-260\" srcset=\"https:\/\/cbmcgroup.dk\/wp-content\/uploads\/2024\/04\/NrV_Stjaer-1024x603.jpg 1024w, https:\/\/cbmcgroup.dk\/wp-content\/uploads\/2024\/04\/NrV_Stjaer-300x177.jpg 300w, https:\/\/cbmcgroup.dk\/wp-content\/uploads\/2024\/04\/NrV_Stjaer-768x453.jpg 768w, https:\/\/cbmcgroup.dk\/wp-content\/uploads\/2024\/04\/NrV_Stjaer-1536x905.jpg 1536w, https:\/\/cbmcgroup.dk\/wp-content\/uploads\/2024\/04\/NrV_Stjaer-2048x1207.jpg 2048w\" sizes=\"auto, (max-width: 1024px) 100vw, 1024px\" \/><\/figure>\n<\/div>\n\n\n\n<div class=\"wp-block-column is-layout-flow wp-block-column-is-layout-flow\">\n<p>Efter skybruddet over Midtjylland d. 3. oktober 2023 blev oversv\u00f8mmelserne i N\u00f8rre Vissing og Stj\u00e6r simuleret med Dynamic2D. Modellerne inluderede overfladestr\u00f8mninger i h\u00f8j opl\u00f8sning integreret med de delvis r\u00f8rlagte vandl\u00f8bssystemer og med forsyningens regnvandssystemer. Modellerne blev derefter anvendt til at simulere effekterne af et antal mulige tiltag til begr\u00e6nsning af fremtidige oversv\u00f8mmelser.<\/p>\n<\/div>\n\n\n\n<div class=\"wp-block-column is-layout-flow wp-block-column-is-layout-flow\"><div class=\"wp-block-image\">\n<figure class=\"aligncenter size-full is-resized\"><img loading=\"lazy\" decoding=\"async\" width=\"449\" height=\"106\" src=\"https:\/\/cbmcgroup.dk\/wp-content\/uploads\/2024\/04\/SkanderborgLogo.png\" alt=\"\" class=\"wp-image-257\" style=\"width:216px;height:auto\" srcset=\"https:\/\/cbmcgroup.dk\/wp-content\/uploads\/2024\/04\/SkanderborgLogo.png 449w, https:\/\/cbmcgroup.dk\/wp-content\/uploads\/2024\/04\/SkanderborgLogo-300x71.png 300w\" sizes=\"auto, (max-width: 449px) 100vw, 449px\" \/><\/figure>\n<\/div><\/div>\n<\/div>\n\n\n\n<h3 class=\"wp-block-heading\">Simulering af skybrud og forslag til forebyggelse af oversv\u00f8mmelser for L\u00e5sby<\/h3>\n\n\n\n<div class=\"wp-block-columns is-layout-flex wp-container-core-columns-is-layout-9d6595d7 wp-block-columns-is-layout-flex\">\n<div class=\"wp-block-column is-layout-flow wp-block-column-is-layout-flow\">\n<figure class=\"wp-block-image size-full\"><img loading=\"lazy\" decoding=\"async\" width=\"842\" height=\"898\" src=\"https:\/\/cbmcgroup.dk\/wp-content\/uploads\/2024\/04\/Laasby1.png\" alt=\"\" class=\"wp-image-254\" srcset=\"https:\/\/cbmcgroup.dk\/wp-content\/uploads\/2024\/04\/Laasby1.png 842w, https:\/\/cbmcgroup.dk\/wp-content\/uploads\/2024\/04\/Laasby1-281x300.png 281w, https:\/\/cbmcgroup.dk\/wp-content\/uploads\/2024\/04\/Laasby1-768x819.png 768w\" sizes=\"auto, (max-width: 842px) 100vw, 842px\" \/><\/figure>\n<\/div>\n\n\n\n<div class=\"wp-block-column is-layout-flow wp-block-column-is-layout-flow\">\n<p>Et skybrud ramte Midtjylland 3. oktober 2023. De resulterende oversv\u00f8mmelser i L\u00e5sby blev simuleret med en Dynamic2D model med fire integrerede str\u00f8mningsveje: Forsyningens regnvandsnetv\u00e6rk, Vejdirektoratets afvandingssystem for motorvejen, det delvis r\u00f8rlagte vandl\u00f8bssystem og endelig vandet p\u00e5 overfladen. Efterf\u00f8lgende blev den validerede model udbygget til at simulere l\u00f8sningsforslag til at forebygge oversv\u00f8mmelser fra lignende skybrud i fremtiden.<\/p>\n<\/div>\n\n\n\n<div class=\"wp-block-column is-layout-flow wp-block-column-is-layout-flow\"><div class=\"wp-block-image\">\n<figure class=\"aligncenter size-full is-resized\"><img loading=\"lazy\" decoding=\"async\" width=\"449\" height=\"106\" src=\"https:\/\/cbmcgroup.dk\/wp-content\/uploads\/2024\/04\/SkanderborgLogo.png\" alt=\"\" class=\"wp-image-257\" style=\"width:219px;height:auto\" srcset=\"https:\/\/cbmcgroup.dk\/wp-content\/uploads\/2024\/04\/SkanderborgLogo.png 449w, https:\/\/cbmcgroup.dk\/wp-content\/uploads\/2024\/04\/SkanderborgLogo-300x71.png 300w\" sizes=\"auto, (max-width: 449px) 100vw, 449px\" \/><\/figure>\n<\/div><\/div>\n<\/div>\n\n\n\n<h3 class=\"wp-block-heading\"><strong>Hindcast af skybrud i Roskilde<\/strong><\/h3>\n\n\n\n<div class=\"wp-block-columns is-layout-flex wp-container-core-columns-is-layout-9d6595d7 wp-block-columns-is-layout-flex\">\n<div class=\"wp-block-column is-layout-flow wp-block-column-is-layout-flow\">\n<figure class=\"wp-block-image size-full\"><img loading=\"lazy\" decoding=\"async\" width=\"560\" height=\"457\" src=\"https:\/\/cbmcgroup.dk\/wp-content\/uploads\/2023\/12\/Roskilde1.png\" alt=\"\" class=\"wp-image-82\" srcset=\"https:\/\/cbmcgroup.dk\/wp-content\/uploads\/2023\/12\/Roskilde1.png 560w, https:\/\/cbmcgroup.dk\/wp-content\/uploads\/2023\/12\/Roskilde1-300x245.png 300w\" sizes=\"auto, (max-width: 560px) 100vw, 560px\" \/><\/figure>\n<\/div>\n\n\n\n<div class=\"wp-block-column is-layout-flow wp-block-column-is-layout-flow\">\n<p>En Dynamic2D model med en opl\u00f8sning p\u00e5 40cm og inkluderende udvalgte r\u00f8rf\u00f8ringer fra afl\u00f8bssystemet blev brugt til at simulere en skybrudsh\u00e6ndelse i den nordlige del af Roskilde.<\/p>\n<\/div>\n\n\n\n<div class=\"wp-block-column is-layout-flow wp-block-column-is-layout-flow\">\n<p><em>\u201dSp\u00e6ndende at de dynamiske simuleringer stemmer s\u00e5 godt med indmeldingerne fra ejendomsejerne i oplandet\u201d<\/em><\/p>\n\n\n\n<p><strong><em>Lars Wiboe Pilmann<br><\/em><\/strong><em>Programleder, Plan &amp; Udvikling, FORS A\/S<\/em><\/p>\n<\/div>\n<\/div>\n\n\n\n<h3 class=\"wp-block-heading\"><br><strong>Oversv\u00f8mmelseskort for Skanderborg Kommune til DK2020 klimatilpasningsprojekt<\/strong><\/h3>\n\n\n\n<div class=\"wp-block-columns is-layout-flex wp-container-core-columns-is-layout-9d6595d7 wp-block-columns-is-layout-flex\">\n<div class=\"wp-block-column is-layout-flow wp-block-column-is-layout-flow\">\n<figure class=\"wp-block-image size-full\"><img loading=\"lazy\" decoding=\"async\" width=\"528\" height=\"540\" src=\"https:\/\/cbmcgroup.dk\/wp-content\/uploads\/2023\/12\/Skanderborg1.png\" alt=\"\" class=\"wp-image-92\" srcset=\"https:\/\/cbmcgroup.dk\/wp-content\/uploads\/2023\/12\/Skanderborg1.png 528w, https:\/\/cbmcgroup.dk\/wp-content\/uploads\/2023\/12\/Skanderborg1-293x300.png 293w\" sizes=\"auto, (max-width: 528px) 100vw, 528px\" \/><\/figure>\n<\/div>\n\n\n\n<div class=\"wp-block-column is-layout-flow wp-block-column-is-layout-flow\">\n<p>Som en del af Skanderborg Kommunes DK2020 klimatilpasningsprojekt har CBMC Group gennemf\u00f8rt dynamisk modellering for hele kommunen af oversv\u00f8mmelser fra skybrud. Modelleringen blev gennemf\u00f8rt med Dynamic2D i en 160 cm opl\u00f8sning.<\/p>\n<\/div>\n\n\n\n<div class=\"wp-block-column is-layout-flow wp-block-column-is-layout-flow\">\n<p>&#8220;<em>Tak for et stort og flot modelleringsarbejde og fin sparring, som har medvirket til at g\u00f8re Skanderborg til en foregangskommune p\u00e5 klimatilpasningsomr\u00e5det.<\/em>&#8220;<\/p>\n\n\n\n<p><strong><em>Jacob Madsen<\/em><\/strong><em>, Skanderborg Kommune<\/em><\/p>\n<\/div>\n<\/div>\n\n\n\n<div class=\"wp-block-columns is-layout-flex wp-container-core-columns-is-layout-9d6595d7 wp-block-columns-is-layout-flex\">\n<div class=\"wp-block-column is-layout-flow wp-block-column-is-layout-flow\">\n<h3 class=\"wp-block-heading\"><strong><br>V\u00e6rkt\u00f8jer til klimatilpasning &#8211; et MUDP Ecoinnovation-projekt <\/strong><\/h3>\n<\/div>\n<\/div>\n\n\n\n<div class=\"wp-block-columns is-layout-flex wp-container-core-columns-is-layout-9d6595d7 wp-block-columns-is-layout-flex\">\n<div class=\"wp-block-column is-layout-flow wp-block-column-is-layout-flow\">\n<figure class=\"wp-block-image size-full\"><img loading=\"lazy\" decoding=\"async\" width=\"595\" height=\"333\" src=\"https:\/\/cbmcgroup.dk\/wp-content\/uploads\/2023\/12\/CARMS.png\" alt=\"\" class=\"wp-image-87\" srcset=\"https:\/\/cbmcgroup.dk\/wp-content\/uploads\/2023\/12\/CARMS.png 595w, https:\/\/cbmcgroup.dk\/wp-content\/uploads\/2023\/12\/CARMS-300x168.png 300w\" sizes=\"auto, (max-width: 595px) 100vw, 595px\" \/><\/figure>\n<\/div>\n\n\n\n<div class=\"wp-block-column is-layout-flow wp-block-column-is-layout-flow\">\n<p>I et MUDP Ecoinnovation projekt med CBMC Group som projektleder og med Atkins Danmark og Hydroinform som partnere blev et komplet s\u00e6t landsd\u00e6kkende risikokort for oversv\u00f8mmelser fra skybrud, hav og vandl\u00f8b for tre klimahorisonter udviklet og publiceret p\u00e5 en gratis webside.<\/p>\n<\/div>\n\n\n\n<div class=\"wp-block-column is-layout-flow wp-block-column-is-layout-flow\"><div class=\"wp-block-image\">\n<figure class=\"aligncenter size-full is-resized\"><img loading=\"lazy\" decoding=\"async\" width=\"233\" height=\"53\" src=\"https:\/\/cbmcgroup.dk\/wp-content\/uploads\/2023\/12\/MUDP.png\" alt=\"\" class=\"wp-image-90\" style=\"width:233px;height:auto\"\/><\/figure>\n<\/div><\/div>\n<\/div>\n\n\n\n<div class=\"wp-block-columns is-layout-flex wp-container-core-columns-is-layout-9d6595d7 wp-block-columns-is-layout-flex\">\n<div class=\"wp-block-column is-layout-flow wp-block-column-is-layout-flow\"><\/div>\n<\/div>\n\n\n\n<h3 class=\"wp-block-heading\"><strong>Risikokortl\u00e6gning for oversv\u00f8mmelser for Vordingborg Kommune<\/strong><\/h3>\n\n\n\n<div class=\"wp-block-columns is-layout-flex wp-container-core-columns-is-layout-9d6595d7 wp-block-columns-is-layout-flex\">\n<div class=\"wp-block-column is-layout-flow wp-block-column-is-layout-flow\">\n<figure class=\"wp-block-image size-full\"><img loading=\"lazy\" decoding=\"async\" width=\"487\" height=\"537\" src=\"https:\/\/cbmcgroup.dk\/wp-content\/uploads\/2023\/12\/Vordingborg1.jpg\" alt=\"\" class=\"wp-image-93\" srcset=\"https:\/\/cbmcgroup.dk\/wp-content\/uploads\/2023\/12\/Vordingborg1.jpg 487w, https:\/\/cbmcgroup.dk\/wp-content\/uploads\/2023\/12\/Vordingborg1-272x300.jpg 272w\" sizes=\"auto, (max-width: 487px) 100vw, 487px\" \/><\/figure>\n<\/div>\n\n\n\n<div class=\"wp-block-column is-layout-flow wp-block-column-is-layout-flow\">\n<p>Som en del af Vordingborg Kommunes DK2020 klima-projekt udarbejdede CBMC Group et komplet s\u00e6t kvantitative risikokort omfattende oversv\u00f8mmelser fra skybrud, stormfloder og vandl\u00f8b for tre klimascenarier. Risikokortene blev bl.a. etableret p\u00e5 grundlag af oversv\u00f8mmelseskort beregnet med <em>Dynamic2D <\/em>for de tre st\u00f8rste byomr\u00e5der i kommunen.<\/p>\n<\/div>\n\n\n\n<div class=\"wp-block-column is-layout-flow wp-block-column-is-layout-flow\">\n<p>&#8220;<em>Tak for et fint samarbejde og en fin proces, hvor vi f\u00f8ler, at vi har v\u00e6ret inddraget p\u00e5 trods af en travl hverdag med mange andre g\u00f8rem\u00e5l. I f\u00e5r vores varmeste anbefalinger.&#8221;<\/em><\/p>\n\n\n\n<p><strong><em>Karsten Kolle<\/em><\/strong><em>, Vordingborg Kommune<\/em><\/p>\n<\/div>\n<\/div>\n\n\n\n<h3 class=\"wp-block-heading\"><br><strong>Hindcast af skybrud i Fole, Haderslev Kommune<\/strong><\/h3>\n\n\n\n<div class=\"wp-block-columns is-layout-flex wp-container-core-columns-is-layout-9d6595d7 wp-block-columns-is-layout-flex\">\n<div class=\"wp-block-column is-layout-flow wp-block-column-is-layout-flow\"><br> <video controls loop autoplay width=\"360\" height=\"270\" src=\"https:\/\/cbmcgroup.dk\/wp-content\/uploads\/2023\/12\/Fole-Cloud-burst.mp4\" title=\"Fole cloud burst August 2021\" frameborder=\"0\"><\/video><\/div>\n\n\n\n<div class=\"wp-block-column is-layout-flow wp-block-column-is-layout-flow\">\n<p><br>Som led i Haderslev Kommunes opf\u00f8lgning efter et voldsomt skybrud i Fole simulerede CBMC Group skybruddet med Dynamic2D. I mods\u00e6tning til bluespot kort viste modellen god overensstemmelse med de observerede oversv\u00f8mmelser.<\/p>\n<\/div>\n\n\n\n<div class=\"wp-block-column is-layout-flow wp-block-column-is-layout-flow\">\n<p><br><em>\u201dCBMC Group har v\u00e6ret yderst kompetente i opgaven med at lave en hurtig og meget realistisk dynamisk modellering af forholdene i Fole. Modellens resultater kan vi bruge, som afs\u00e6t for dialog og inddragelse i arbejdet med at klimasikre landsbyens borgere. \u201d<\/em><\/p>\n\n\n\n<p><strong><em>Jacob A. Madsen<\/em><\/strong>, <em>Klimakoordinator, Haderslev Kommune<\/em><\/p>\n<\/div>\n<\/div>\n\n\n\n<h3 class=\"wp-block-heading\"><br><strong>Planl\u00e6gning af vandparkering i Aabenraa Kommune<\/strong><\/h3>\n\n\n\n<div class=\"wp-block-columns is-layout-flex wp-container-core-columns-is-layout-9d6595d7 wp-block-columns-is-layout-flex\">\n<div class=\"wp-block-column is-layout-flow wp-block-column-is-layout-flow\">\n<figure class=\"wp-block-image size-large\"><img loading=\"lazy\" decoding=\"async\" width=\"1024\" height=\"761\" src=\"https:\/\/cbmcgroup.dk\/wp-content\/uploads\/2023\/12\/Aabenraa5-1024x761.png\" alt=\"\" class=\"wp-image-109\" srcset=\"https:\/\/cbmcgroup.dk\/wp-content\/uploads\/2023\/12\/Aabenraa5-1024x761.png 1024w, https:\/\/cbmcgroup.dk\/wp-content\/uploads\/2023\/12\/Aabenraa5-300x223.png 300w, https:\/\/cbmcgroup.dk\/wp-content\/uploads\/2023\/12\/Aabenraa5-768x571.png 768w, https:\/\/cbmcgroup.dk\/wp-content\/uploads\/2023\/12\/Aabenraa5-1536x1141.png 1536w, https:\/\/cbmcgroup.dk\/wp-content\/uploads\/2023\/12\/Aabenraa5-2048x1521.png 2048w\" sizes=\"auto, (max-width: 1024px) 100vw, 1024px\" \/><\/figure>\n<\/div>\n\n\n\n<div class=\"wp-block-column is-layout-flow wp-block-column-is-layout-flow\">\n<p>CBMC Group har &#8211; som et led i planl\u00e6gningen af klimatilpasning i Aabenraa Kommune &#8211; regnet p\u00e5 et antal scenarier for mulig anvendelse af vandparkering i oplandet til Aabenraa By. Simuleringer med Dynamic2D har hjulpet til at screene mulige vandparkeringsomr\u00e5der og bed\u00f8mme det samlede potentiale i oplandet.<\/p>\n<\/div>\n\n\n\n<div class=\"wp-block-column is-layout-flow wp-block-column-is-layout-flow\">\n<p><em>\u201dTakket v\u00e6re CBMC Groups nysgerrighed og faglige kompetencer er vi blevet kl\u00e6dt meget bedre p\u00e5 til vores planl\u00e6gning af vandparkeringsl\u00f8sninger i oplandet til Aabenraa.\u201d<\/em><\/p>\n\n\n\n<p><strong><em>Jacob Peter Jacobsen<\/em><\/strong><em>, Aabenraa Kommune<\/em><\/p>\n<\/div>\n<\/div>\n\n\n\n<h3 class=\"wp-block-heading\"><br><strong>Risikokortl\u00e6gning til DK2020 for Holb\u00e6k Kommune<\/strong><\/h3>\n\n\n\n<div class=\"wp-block-columns is-layout-flex wp-container-core-columns-is-layout-9d6595d7 wp-block-columns-is-layout-flex\">\n<div class=\"wp-block-column is-layout-flow wp-block-column-is-layout-flow\">\n<figure class=\"wp-block-image size-full\"><img loading=\"lazy\" decoding=\"async\" width=\"655\" height=\"348\" src=\"https:\/\/cbmcgroup.dk\/wp-content\/uploads\/2023\/12\/Holbaek1.png\" alt=\"\" class=\"wp-image-89\" srcset=\"https:\/\/cbmcgroup.dk\/wp-content\/uploads\/2023\/12\/Holbaek1.png 655w, https:\/\/cbmcgroup.dk\/wp-content\/uploads\/2023\/12\/Holbaek1-300x159.png 300w\" sizes=\"auto, (max-width: 655px) 100vw, 655px\" \/><\/figure>\n<\/div>\n\n\n\n<div class=\"wp-block-column is-layout-flow wp-block-column-is-layout-flow\">\n<p>Som en del af Holb\u00e6k Kommunes DK2020 klimaprojekt udarbejdede CBMC Group \u2013 med brug af det egetudviklede risikoberegningsv\u00e6rkt\u00f8j UCAT &#8211; et komplet s\u00e6t risikokort omfattende oversv\u00f8mmelser fra skybrud, stormfloder og fra vandl\u00f8b for tre klimascenarier.<\/p>\n<\/div>\n\n\n\n<div class=\"wp-block-column is-layout-flow wp-block-column-is-layout-flow\">\n<p><em>\u201dTak til CBMC Group for et grundigt stykke arbejde og ikke mindst nogle rigtig sp\u00e6ndende og oplysende diskussioner.\u201d<\/em><\/p>\n\n\n\n<p><strong><em>Andreas J\u00f8nck Faartoft<\/em><\/strong><em>, Holb\u00e6k Kommune<\/em><\/p>\n<\/div>\n<\/div>\n","protected":false},"excerpt":{"rendered":"<p>Herunder findes et udvalg af de projekter, vi har gennemf\u00f8rt i samarbejde med danske kommuner og forsyninger. Beregning af oversv\u00f8mmelser og l\u00f8sningstiltag for N\u00f8rre Vissing og Stj\u00e6r Efter skybruddet over Midtjylland d. 3. oktober 2023 blev oversv\u00f8mmelserne i N\u00f8rre Vissing og Stj\u00e6r simuleret med Dynamic2D. Modellerne inluderede overfladestr\u00f8mninger i h\u00f8j opl\u00f8sning integreret med de delvis&hellip;&nbsp;<\/p>\n","protected":false},"author":1,"featured_media":0,"parent":0,"menu_order":0,"comment_status":"closed","ping_status":"closed","template":"","meta":{"neve_meta_sidebar":"","neve_meta_container":"","neve_meta_enable_content_width":"","neve_meta_content_width":0,"neve_meta_title_alignment":"","neve_meta_author_avatar":"","neve_post_elements_order":"","neve_meta_disable_header":"","neve_meta_disable_footer":"","neve_meta_disable_title":"","footnotes":""},"class_list":["post-17","page","type-page","status-publish","hentry"],"_links":{"self":[{"href":"https:\/\/cbmcgroup.dk\/index.php\/wp-json\/wp\/v2\/pages\/17","targetHints":{"allow":["GET"]}}],"collection":[{"href":"https:\/\/cbmcgroup.dk\/index.php\/wp-json\/wp\/v2\/pages"}],"about":[{"href":"https:\/\/cbmcgroup.dk\/index.php\/wp-json\/wp\/v2\/types\/page"}],"author":[{"embeddable":true,"href":"https:\/\/cbmcgroup.dk\/index.php\/wp-json\/wp\/v2\/users\/1"}],"replies":[{"embeddable":true,"href":"https:\/\/cbmcgroup.dk\/index.php\/wp-json\/wp\/v2\/comments?post=17"}],"version-history":[{"count":32,"href":"https:\/\/cbmcgroup.dk\/index.php\/wp-json\/wp\/v2\/pages\/17\/revisions"}],"predecessor-version":[{"id":261,"href":"https:\/\/cbmcgroup.dk\/index.php\/wp-json\/wp\/v2\/pages\/17\/revisions\/261"}],"wp:attachment":[{"href":"https:\/\/cbmcgroup.dk\/index.php\/wp-json\/wp\/v2\/media?parent=17"}],"curies":[{"name":"wp","href":"https:\/\/api.w.org\/{rel}","templated":true}]}}