{"id":15,"date":"2023-11-29T12:29:43","date_gmt":"2023-11-29T12:29:43","guid":{"rendered":"https:\/\/cbmcgroup.dk\/?page_id=15"},"modified":"2023-12-07T19:45:59","modified_gmt":"2023-12-07T19:45:59","slug":"velkommen-til-cbmc-group","status":"publish","type":"page","link":"https:\/\/cbmcgroup.dk\/","title":{"rendered":"Velkommen til CBMC Group"},"content":{"rendered":"\n<div class=\"wp-block-cover\"><span aria-hidden=\"true\" class=\"wp-block-cover__background has-background-dim-10 has-background-dim\"><\/span><img loading=\"lazy\" decoding=\"async\" width=\"2560\" height=\"1707\" class=\"wp-block-cover__image-background wp-image-34\" alt=\"\" src=\"https:\/\/cbmcgroup.dk\/wp-content\/uploads\/2023\/11\/AdobeStock_217277783-scaled.jpeg\" data-object-fit=\"cover\" srcset=\"https:\/\/cbmcgroup.dk\/wp-content\/uploads\/2023\/11\/AdobeStock_217277783-scaled.jpeg 2560w, https:\/\/cbmcgroup.dk\/wp-content\/uploads\/2023\/11\/AdobeStock_217277783-300x200.jpeg 300w, https:\/\/cbmcgroup.dk\/wp-content\/uploads\/2023\/11\/AdobeStock_217277783-1024x683.jpeg 1024w, https:\/\/cbmcgroup.dk\/wp-content\/uploads\/2023\/11\/AdobeStock_217277783-768x512.jpeg 768w, https:\/\/cbmcgroup.dk\/wp-content\/uploads\/2023\/11\/AdobeStock_217277783-1536x1024.jpeg 1536w, https:\/\/cbmcgroup.dk\/wp-content\/uploads\/2023\/11\/AdobeStock_217277783-2048x1365.jpeg 2048w\" sizes=\"auto, (max-width: 2560px) 100vw, 2560px\" \/><div class=\"wp-block-cover__inner-container is-layout-flow wp-block-cover-is-layout-flow\">\n<p class=\"has-text-align-center has-large-font-size\"><\/p>\n\n\n<h3 class=\"wp-block-heading\"><strong><mark style=\"background-color:rgba(0, 0, 0, 0)\" class=\"has-inline-color has-nv-light-bg-color\"><br><br><br><br><br><br><br>Vi er et lille team af eksperter inden for vand, milj\u00f8 og klimatilpasning. Vores fokus er p\u00e5 samarbejde med danske kommuner og forsyningsselskaber. Sammen finder vi frem til optimale l\u00f8sninger p\u00e5 udfordringer inden for klimatilpasning og tilst\u00f8dende omr\u00e5der.<\/mark><\/strong><\/h3>\n<\/div><\/div>\n\n\n\n<p><br>Vi bygger vores r\u00e5dgivning p\u00e5 egenudviklet teknologi til dynamisk modellering af oversv\u00f8mmelser og til risikobregninger og -kortl\u00e6gning.<\/p>\n\n\n\n<p>Vi er sm\u00e5, men med en lang og veldokumenteret praktisk erfaring. Vi har st\u00e6rke partnere, s\u00e5 vi kan d\u00e6kke bredt og samtidig dybt p\u00e5 mange felter. Vores kunder roser os for vores evner til at lytte og bidrage til analyserne i de tidlige faser af udviklingen af l\u00f8sningskoncepter. Og vi er ikke bange for at sige fra, hvis vi ikke mener, at vi kan bidrage effektivt til et projekt.<\/p>\n\n\n\n<p>Tilsammen g\u00f8r det os til en god og p\u00e5lidelig partner for jer, hvis I \u00f8nsker en anderledes form for r\u00e5dgivning end de traditionelle valg.<\/p>\n\n\n\n<div class=\"wp-block-columns is-layout-flex wp-container-core-columns-is-layout-9d6595d7 wp-block-columns-is-layout-flex\">\n<div class=\"wp-block-column is-layout-flow wp-block-column-is-layout-flow\">\n<h5 class=\"wp-block-heading\"><\/h5>\n\n\n\n<div class=\"wp-block-columns is-layout-flex wp-container-core-columns-is-layout-9d6595d7 wp-block-columns-is-layout-flex\">\n<div class=\"wp-block-column is-layout-flow wp-block-column-is-layout-flow\">\n<h5 class=\"wp-block-heading\">Find os:<\/h5>\n\n\n\n<div class=\"wp-block-group\"><div class=\"wp-block-group__inner-container is-layout-constrained wp-block-group-is-layout-constrained\">\n<p>Birkebakken 80, 3460 Birker\u00f8d<br>Telefon: 2211 1080<br>Email:&nbsp;<a href=\"mailto:info@cbmcgroup.com\">info@cbmcgroup.com<\/a><br>CVR: DK40285652<\/p>\n<\/div><\/div>\n<\/div>\n<\/div>\n\n\n\n<h5 class=\"wp-block-heading\"><\/h5>\n<\/div>\n<\/div>\n\n\n\n<div class=\"wp-block-columns is-layout-flex wp-container-core-columns-is-layout-9d6595d7 wp-block-columns-is-layout-flex\">\n<div class=\"wp-block-column is-layout-flow wp-block-column-is-layout-flow\">\n<p>Copyright \u00a9 CBMC Group.&nbsp; All Rights Reserved<br><a href=\"https:\/\/www.cbmcgroup.com\/onewebmedia\/Privacy%20Policy.pdf\" target=\"_blank\" rel=\"noreferrer noopener\">CBMC Group Privacy Policy<\/a><br><br><\/p>\n\n<\/div>\n\n\n\n<div class=\"wp-block-column is-layout-flow wp-block-column-is-layout-flow\"><div class=\"wp-block-image\">\n<figure class=\"aligncenter size-full is-resized\"><a href=\"https:\/\/www.linkedin.com\/company\/cbmc-group\"><img loading=\"lazy\" decoding=\"async\" width=\"86\" height=\"78\" src=\"https:\/\/cbmcgroup.dk\/wp-content\/uploads\/2023\/12\/In-2C-121px-TM.png\" alt=\"\" class=\"wp-image-188\" style=\"width:57px;height:auto\"\/><\/a><\/figure>\n<\/div><\/div>\n\n\n\n<div class=\"wp-block-column is-layout-flow wp-block-column-is-layout-flow\"><\/div>\n<\/div>\n","protected":false},"excerpt":{"rendered":"<p>Vi bygger vores r\u00e5dgivning p\u00e5 egenudviklet teknologi til dynamisk modellering af oversv\u00f8mmelser og til risikobregninger og -kortl\u00e6gning. Vi er sm\u00e5, men med en lang og veldokumenteret praktisk erfaring. Vi har st\u00e6rke partnere, s\u00e5 vi kan d\u00e6kke bredt og samtidig dybt p\u00e5 mange felter. Vores kunder roser os for vores evner til at lytte og bidrage&hellip;&nbsp;<\/p>\n","protected":false},"author":1,"featured_media":0,"parent":0,"menu_order":0,"comment_status":"closed","ping_status":"closed","template":"","meta":{"neve_meta_sidebar":"","neve_meta_container":"","neve_meta_enable_content_width":"","neve_meta_content_width":0,"neve_meta_title_alignment":"","neve_meta_author_avatar":"","neve_post_elements_order":"","neve_meta_disable_header":"","neve_meta_disable_footer":"","neve_meta_disable_title":"","footnotes":""},"class_list":["post-15","page","type-page","status-publish","hentry"],"_links":{"self":[{"href":"https:\/\/cbmcgroup.dk\/index.php\/wp-json\/wp\/v2\/pages\/15","targetHints":{"allow":["GET"]}}],"collection":[{"href":"https:\/\/cbmcgroup.dk\/index.php\/wp-json\/wp\/v2\/pages"}],"about":[{"href":"https:\/\/cbmcgroup.dk\/index.php\/wp-json\/wp\/v2\/types\/page"}],"author":[{"embeddable":true,"href":"https:\/\/cbmcgroup.dk\/index.php\/wp-json\/wp\/v2\/users\/1"}],"replies":[{"embeddable":true,"href":"https:\/\/cbmcgroup.dk\/index.php\/wp-json\/wp\/v2\/comments?post=15"}],"version-history":[{"count":35,"href":"https:\/\/cbmcgroup.dk\/index.php\/wp-json\/wp\/v2\/pages\/15\/revisions"}],"predecessor-version":[{"id":221,"href":"https:\/\/cbmcgroup.dk\/index.php\/wp-json\/wp\/v2\/pages\/15\/revisions\/221"}],"wp:attachment":[{"href":"https:\/\/cbmcgroup.dk\/index.php\/wp-json\/wp\/v2\/media?parent=15"}],"curies":[{"name":"wp","href":"https:\/\/api.w.org\/{rel}","templated":true}]}}